{"id":11,"date":"2014-06-02T09:11:02","date_gmt":"2014-06-02T09:11:02","guid":{"rendered":"http:\/\/unik.weblusive-themes.com\/?page_id=11"},"modified":"2014-09-03T08:06:19","modified_gmt":"2014-09-03T08:06:19","slug":"quienes_somos","status":"publish","type":"page","link":"http:\/\/www.frayleopoldo.acentocomunicacion.com\/?page_id=11","title":{"rendered":"Qui\u00e9nes somos"},"content":{"rendered":"<p><div class=\"box-section  animation rollIn float-image-section\" style=\"\"><div class=\"row\"><div class=\"col-md-5\"><a href=\"http:\/\/www.frayleopoldo.acentocomunicacion.com\/wp-content\/uploads\/2014\/06\/P3096458.jpg\"><img loading=\"lazy\" decoding=\"async\" class=\"alignnone size-medium wp-image-418\" src=\"http:\/\/www.frayleopoldo.acentocomunicacion.com\/wp-content\/uploads\/2014\/06\/P3096458-225x300.jpg\" alt=\"OLYMPUS DIGITAL CAMERA\" width=\"225\" height=\"300\" \/><\/a><\/div><div class=\"col-md-7\"><\/p>\n<div class=\"cont-box\">\n<h2>Sobre nosotros<\/h2>\n<p>La Fundaci\u00f3n Ben\u00e9fico Asistencial Hogar Fray Leopoldo es una organizaci\u00f3n ben\u00e9fica, privada e independiente, sin \u00e1nimo de lucro. De \u00e1mbito nacional, su misi\u00f3n es cuidar de las personas m\u00e1s necesitadas a trav\u00e9s de una atenci\u00f3n integral para la mejora de su calidad de vida. Sus fines esenciales son:<\/p>\n<p>I. Dar cobijo en sus establecimientos residencia- les a personas ancianas, con preferencia a aque- llos que vivan en soledad, entendiendo tambi\u00e9n por soledad los incomprendidos y desasistidos de sus familias, y singularmente los que en tales condiciones carezcan, adem\u00e1s, de medios eco- n\u00f3micos.<\/p>\n<p>II. Prestar una especial atenci\u00f3n a las emociones y la dignidad de nuestros residentes.<\/p>\n<\/div>\n<p><\/div><\/div><\/div><div class=\"box-section  animation fadeInRightBig \" style=\"\"><h2 class=\"   \" >Fotos y datos de qui\u00e9nes somos<\/h2><div class=\"row\"><div class=\"col-md-6\"><div class=\"team-post  \">\r\n\t\t\t\t\t<div class=\"left-part\">\r\n\t\t\t\t\t\t<img decoding=\"async\" class=\"img-responsive\" alt=\"Robb Hatman\" src=\"http:\/\/unik.weblusive-themes.com\/wp-content\/uploads\/2014\/06\/member1.jpg\"><ul class=\"social-team\"><li><a href=\"http:\/\/google.com\" target=\"_blank\" class=\"google-plus\"><i class=\"fa fa-google-plus\"><\/i><\/a><\/li>\n<li><a href=\"http:\/\/dribble.com\" target=\"_blank\" class=\"dribbble\"><i class=\"fa fa-dribbble\"><\/i><\/a><\/li>\n<li><a href=\"http:\/\/twitter.com\" target=\"_blank\" class=\"twitter\"><i class=\"fa fa-twitter\"><\/i><\/a><\/li>\n<li><a href=\"http:\/\/fb.com\" target=\"_blank\" class=\"facebook\"><i class=\"fa fa-facebook\"><\/i><\/a><\/li><\/ul><\/div>\r\n\t\t\t<div class=\"right-part\">\r\n\t\t\t\t<h3>Robb Hatman<\/h3>\r\n\t\t\t\t<ul class=\"contact-info\"><li><i class=\"fa fa-phone\"><\/i> 900 123 456 789<\/li><li><i class=\"fa fa-envelope\"><\/i> <a href=\"#\">robbhatman@sweethome.com<\/a><\/li><li><i class=\"fa fa-print\"><\/i> 900 123 456 789<\/li><\/ul>\r\n\t\t\t\t\t<a href=\"#\">Details<\/a>\r\n\t\t\t<\/div><\/div><\/div><div class=\"col-md-6\"><div class=\"team-post  \">\r\n\t\t\t\t\t<div class=\"left-part\">\r\n\t\t\t\t\t\t<img decoding=\"async\" class=\"img-responsive\" alt=\"Miller Walk\" src=\"http:\/\/unik.weblusive-themes.com\/wp-content\/uploads\/2014\/06\/member2.jpg\"><ul class=\"social-team\"><li><a href=\"http:\/\/google.com\" target=\"_blank\" class=\"google-plus\"><i class=\"fa fa-google-plus\"><\/i><\/a><\/li>\n<li><a href=\"http:\/\/dribble.com\" target=\"_blank\" class=\"dribbble\"><i class=\"fa fa-dribbble\"><\/i><\/a><\/li>\n<li><a href=\"http:\/\/twitter.com\" target=\"_blank\" class=\"twitter\"><i class=\"fa fa-twitter\"><\/i><\/a><\/li>\n<li><a href=\"http:\/\/fb.com\" target=\"_blank\" class=\"facebook\"><i class=\"fa fa-facebook\"><\/i><\/a><\/li><\/ul><\/div>\r\n\t\t\t<div class=\"right-part\">\r\n\t\t\t\t<h3>Miller Walk<\/h3>\r\n\t\t\t\t<ul class=\"contact-info\"><li><i class=\"fa fa-phone\"><\/i> 900 123 456 789<\/li><li><i class=\"fa fa-envelope\"><\/i> <a href=\"#\">robbhatman@sweethome.com<\/a><\/li><li><i class=\"fa fa-print\"><\/i> 900 123 456 789<\/li><\/ul>\r\n\t\t\t\t\t<a href=\"#\">Details<\/a>\r\n\t\t\t<\/div><\/div><\/div><\/div><div class=\"row\"><div class=\"col-md-6\"><div class=\"team-post  \">\r\n\t\t\t\t\t<div class=\"left-part\">\r\n\t\t\t\t\t\t<img decoding=\"async\" class=\"img-responsive\" alt=\"Kevin Louis\" src=\"http:\/\/unik.weblusive-themes.com\/wp-content\/uploads\/2014\/06\/member3.jpg\"><ul class=\"social-team\"><li><a href=\"http:\/\/google.com\" target=\"_blank\" class=\"google-plus\"><i class=\"fa fa-google-plus\"><\/i><\/a><\/li>\n<li><a href=\"http:\/\/dribble.com\" target=\"_blank\" class=\"dribbble\"><i class=\"fa fa-dribbble\"><\/i><\/a><\/li>\n<li><a href=\"http:\/\/twitter.com\" target=\"_blank\" class=\"twitter\"><i class=\"fa fa-twitter\"><\/i><\/a><\/li>\n<li><a href=\"http:\/\/fb.com\" target=\"_blank\" class=\"facebook\"><i class=\"fa fa-facebook\"><\/i><\/a><\/li><\/ul><\/div>\r\n\t\t\t<div class=\"right-part\">\r\n\t\t\t\t<h3>Kevin Louis<\/h3>\r\n\t\t\t\t<ul class=\"contact-info\"><li><i class=\"fa fa-phone\"><\/i> 900 123 456 789<\/li><li><i class=\"fa fa-envelope\"><\/i> <a href=\"#\">robbhatman@sweethome.com<\/a><\/li><li><i class=\"fa fa-print\"><\/i> 900 123 456 789<\/li><\/ul>\r\n\t\t\t\t\t<a href=\"#\">Details<\/a>\r\n\t\t\t<\/div><\/div><\/div><div class=\"col-md-6\"><div class=\"team-post  \">\r\n\t\t\t\t\t<div class=\"left-part\">\r\n\t\t\t\t\t\t<img decoding=\"async\" class=\"img-responsive\" alt=\"Mike Xeqtr\" src=\"http:\/\/unik.weblusive-themes.com\/wp-content\/uploads\/2014\/06\/member4.jpg\"><ul class=\"social-team\"><li><a href=\"http:\/\/google.com\" target=\"_blank\" class=\"google-plus\"><i class=\"fa fa-google-plus\"><\/i><\/a><\/li>\n<li><a href=\"http:\/\/dribble.com\" target=\"_blank\" class=\"dribbble\"><i class=\"fa fa-dribbble\"><\/i><\/a><\/li>\n<li><a href=\"http:\/\/twitter.com\" target=\"_blank\" class=\"twitter\"><i class=\"fa fa-twitter\"><\/i><\/a><\/li>\n<li><a href=\"http:\/\/fb.com\" target=\"_blank\" class=\"facebook\"><i class=\"fa fa-facebook\"><\/i><\/a><\/li><\/ul><\/div>\r\n\t\t\t<div class=\"right-part\">\r\n\t\t\t\t<h3>Mike Xeqtr<\/h3>\r\n\t\t\t\t<ul class=\"contact-info\"><li><i class=\"fa fa-phone\"><\/i> 900 123 456 789<\/li><li><i class=\"fa fa-envelope\"><\/i> <a href=\"#\">robbhatman@sweethome.com<\/a><\/li><li><i class=\"fa fa-print\"><\/i> 900 123 456 789<\/li><\/ul>\r\n\t\t\t\t\t<a href=\"#\">Details<\/a>\r\n\t\t\t<\/div><\/div><\/div><\/div><\/div><div class=\"box-section  animation rollIn client-section\" style=\"\"><h2 class=\"   \" >Nuestros Colaboradores<\/h2>\r\n\t\t<div class=\"carshort \">\r\n\t\t\t\t<ul class=\"clients-logo customcar59096 clients\" id=\"brands\" ><li><a href=\"http:\/\/google.ru\"><img decoding=\"async\" src=\"http:\/\/www.frayleopoldo.acentocomunicacion.com\/wp-content\/uploads\/2014\/06\/client1.png\" alt=\"img\" \/><\/a><\/li>\n<li><a href=\"http:\/\/google.ru\"><img decoding=\"async\" src=\"http:\/\/www.frayleopoldo.acentocomunicacion.com\/wp-content\/uploads\/2014\/06\/client2.png\" alt=\"img\" \/><\/a><\/li>\n<li><a href=\"http:\/\/google.ru\"><img decoding=\"async\" src=\"http:\/\/www.frayleopoldo.acentocomunicacion.com\/wp-content\/uploads\/2014\/06\/client3.png\" alt=\"img\" \/><\/a><\/li>\n<li><a href=\"http:\/\/google.ru\"><img decoding=\"async\" src=\"http:\/\/www.frayleopoldo.acentocomunicacion.com\/wp-content\/uploads\/2014\/06\/client1.png\" alt=\"img\" \/><\/a><\/li>\n<li><a href=\"http:\/\/google.ru\"><img decoding=\"async\" src=\"http:\/\/www.frayleopoldo.acentocomunicacion.com\/wp-content\/uploads\/2014\/06\/client2.png\" alt=\"img\" \/><\/a><\/li>\n<li><a href=\"http:\/\/google.ru\"><img decoding=\"async\" src=\"http:\/\/www.frayleopoldo.acentocomunicacion.com\/wp-content\/uploads\/2014\/06\/client3.png\" alt=\"img\" \/><\/a><\/li>\n<li><a href=\"http:\/\/google.ru\"><img decoding=\"async\" src=\"http:\/\/www.frayleopoldo.acentocomunicacion.com\/wp-content\/uploads\/2014\/06\/client1.png\" alt=\"img\" \/><\/a><\/li>\r\n\t\t\t\t<\/ul>\r\n\t\t<\/div>\r\n\t\t<script type=\"text\/javascript\">\r\n\t\t\tjQuery(document).ready(function(){\r\n\t\t\t\tjQuery(\".customcar59096\").bxSlider({ \r\n\t\t\t\t\tslideWidth: 257,\r\n\t\t\t\t\tminSlides: 1,\r\n\t\t\t\t\tmaxSlides: 4,\r\n\t\t\t\t\tauto: false,\r\n\t\t\t\t\tslideMargin: 0,\r\n\t\t\t\t\tpager:false,\r\n\t\t\t\t\tcontrols: true,\r\n\t\t\t\t\tnextText: \"\",\r\n\t\t\t\t\tprevText:\"\"\r\n\t\t\t\t});\r\n\t\t\t\t})\r\n\t\t<\/script><\/div><div class=\"box-section  animation fadeInLeft \" style=\"\"><h2 class=\"   \" >Algunos datos curiosos<\/h2><div class=\"row\"><div class=\"col-md-3\"><div class=\"statistic-post   \">\r\n\t\t\t\t<span class=\"icon-stat\"><i class=\"fa fa-flask\" style=\"color:\"><\/i><\/span>\r\n\t\t\t\t<p class=\"counter\"><span class=\"timer\" data-from=\"0\" data-to=\"1479\">1479<\/span><\/p>\r\n\t\t\t\t<p>Lines of code written<\/p>\r\n\t\t\t  <\/div><\/div><div class=\"col-md-3\"><div class=\"statistic-post   \">\r\n\t\t\t\t<span class=\"icon-stat\"><i class=\"fa fa-coffee\" style=\"color:\"><\/i><\/span>\r\n\t\t\t\t<p class=\"counter\"><span class=\"timer\" data-from=\"0\" data-to=\"578\">578<\/span><\/p>\r\n\t\t\t\t<p>Coffe Drinked<\/p>\r\n\t\t\t  <\/div><\/div><div class=\"col-md-3\"><div class=\"statistic-post   \">\r\n\t\t\t\t<span class=\"icon-stat\"><i class=\"fa fa-users\" style=\"color:\"><\/i><\/span>\r\n\t\t\t\t<p class=\"counter\"><span class=\"timer\" data-from=\"0\" data-to=\"2178\">2178<\/span><\/p>\r\n\t\t\t\t<p>Happy Clients<\/p>\r\n\t\t\t  <\/div><\/div><div class=\"col-md-3\"><div class=\"statistic-post   \">\r\n\t\t\t\t<span class=\"icon-stat\"><i class=\"fa fa-briefcase\" style=\"color:\"><\/i><\/span>\r\n\t\t\t\t<p class=\"counter\"><span class=\"timer\" data-from=\"0\" data-to=\"95677\">95677<\/span><\/p>\r\n\t\t\t\t<p>Projects Done<\/p>\r\n\t\t\t  <\/div><\/div><\/div><\/div><\/p>\n","protected":false},"excerpt":{"rendered":"","protected":false},"author":1,"featured_media":452,"parent":0,"menu_order":0,"comment_status":"open","ping_status":"closed","template":"","meta":{"footnotes":""},"class_list":["post-11","page","type-page","status-publish","has-post-thumbnail","hentry"],"_links":{"self":[{"href":"http:\/\/www.frayleopoldo.acentocomunicacion.com\/index.php?rest_route=\/wp\/v2\/pages\/11","targetHints":{"allow":["GET"]}}],"collection":[{"href":"http:\/\/www.frayleopoldo.acentocomunicacion.com\/index.php?rest_route=\/wp\/v2\/pages"}],"about":[{"href":"http:\/\/www.frayleopoldo.acentocomunicacion.com\/index.php?rest_route=\/wp\/v2\/types\/page"}],"author":[{"embeddable":true,"href":"http:\/\/www.frayleopoldo.acentocomunicacion.com\/index.php?rest_route=\/wp\/v2\/users\/1"}],"replies":[{"embeddable":true,"href":"http:\/\/www.frayleopoldo.acentocomunicacion.com\/index.php?rest_route=%2Fwp%2Fv2%2Fcomments&post=11"}],"version-history":[{"count":8,"href":"http:\/\/www.frayleopoldo.acentocomunicacion.com\/index.php?rest_route=\/wp\/v2\/pages\/11\/revisions"}],"predecessor-version":[{"id":420,"href":"http:\/\/www.frayleopoldo.acentocomunicacion.com\/index.php?rest_route=\/wp\/v2\/pages\/11\/revisions\/420"}],"wp:featuredmedia":[{"embeddable":true,"href":"http:\/\/www.frayleopoldo.acentocomunicacion.com\/index.php?rest_route=\/wp\/v2\/media\/452"}],"wp:attachment":[{"href":"http:\/\/www.frayleopoldo.acentocomunicacion.com\/index.php?rest_route=%2Fwp%2Fv2%2Fmedia&parent=11"}],"curies":[{"name":"wp","href":"https:\/\/api.w.org\/{rel}","templated":true}]}}